{"id":41,"date":"2025-03-17T09:17:30","date_gmt":"2025-03-17T09:17:30","guid":{"rendered":"https:\/\/interpretacionesandra.com\/?page_id=41"},"modified":"2025-03-31T10:19:19","modified_gmt":"2025-03-31T10:19:19","slug":"politica-y-legalidad-de-cookies","status":"publish","type":"page","link":"https:\/\/interpretacionesandra.com\/en_gb\/politica-y-legalidad-de-cookies\/","title":{"rendered":"Cookie policy and legality"},"content":{"rendered":"<div data-elementor-type=\"wp-page\" data-elementor-id=\"41\" class=\"elementor elementor-41\" data-elementor-post-type=\"page\">\n\t\t\t\t<div class=\"elementor-element elementor-element-2e6c7301 e-flex e-con-boxed e-con e-parent\" data-id=\"2e6c7301\" data-element_type=\"container\" data-e-type=\"container\">\n\t\t\t\t\t<div class=\"e-con-inner\">\n\t\t\t\t<div class=\"elementor-element elementor-element-49c2f0b9 elementor-widget elementor-widget-text-editor\" data-id=\"49c2f0b9\" data-element_type=\"widget\" data-e-type=\"widget\" data-widget_type=\"text-editor.default\">\n\t\t\t\t\t\t\t\t\t\n<p>Access to this Website may involve the use of cookies. Cookies are small amounts of information that are stored in the browser used by each User - in the different devices that may be used to browse - so that the server remembers certain information that will subsequently be read only by the server that implemented it. Cookies make browsing easier, more user-friendly and do not damage the browsing device.<\/p>\n\n\n\n<p>Cookies are automatic procedures for collecting information relating to the preferences determined by the User during his\/her visit to the Website in order to recognise him\/her as a User, and to personalise his\/her experience and use of the Website, and may also, for example, help to identify and resolve errors.<\/p>\n\n\n\n<p>The information collected through cookies may include the date and time of visits to the Website, the pages viewed, the time spent on the Website and the sites visited just before and just after the Website. However, no cookie allows the cookie to contact the User's telephone number or any other means of personal contact. No cookie can extract information from the User's hard drive or steal personal information. The only way for the User's private information to be part of the Cookie file is for the User to personally give that information to the server.<\/p>\n\n\n\n<p>Cookies that allow a person to be identified are considered personal data. Therefore, the Privacy Policy described above shall apply to them. In this sense, the use of cookies requires the consent of the User. This consent will be communicated, on the basis of a genuine choice, offered by means of an affirmative and positive decision, before the initial processing, removable and documented.<\/p>\n\n\n\n<h4 class=\"wp-block-heading\"><strong>Own Cookies<\/strong><\/h4>\n\n\n\n<p>Are those cookies that are sent to your computer or device and managed exclusively by Interpretaciones Sandra for the better functioning of the Website. The information collected is used to improve the quality of the Website and its Content and your experience as a User. These cookies allow us to recognize the user as a repeat visitor to the Website and adapt the content to offer content that suits your preferences.<\/p>\n\n\n\n<h4 class=\"wp-block-heading\"><strong>Social media cookies<\/strong><\/h4>\n\n\n\n<p>Interpretaciones Sandra incorporates plugins social networks, which allow access to them from the Website. For this reason, social networking cookies may be stored in the user's browser. The owners of these social networks have their own data protection policies and cookies, being themselves, in each case, responsible for their own files and their own privacy practices. The User must refer to them for information about these cookies and, where appropriate, the processing of personal data. For information purposes only, the links where these privacy and\/or cookie policies can be consulted are indicated below:<\/p>\n\n\n\n<ul class=\"wp-block-list\">\n<li>Facebook: <a href=\"https:\/\/www.facebook.com\/policies\/cookies\/\">https:\/\/www.facebook.com\/policies\/cookies\/<\/a><\/li>\n\n\n\n<li>Twitter: <a href=\"https:\/\/twitter.com\/es\/privacy\">https:\/\/twitter.com\/es\/privacy<\/a><\/li>\n\n\n\n<li>Instagram: <a href=\"https:\/\/help.instagram.com\/1896641480634370?ref=ig\">https:\/\/help.instagram.com\/1896641480634370?ref=ig<\/a><\/li>\n\n\n\n<li>YouTube: <a href=\"https:\/\/policies.google.com\/privacy?hl=es-419&amp;gl=mx\">https:\/\/policies.google.com\/privacy?hl=es-419&amp;gl=mx<\/a><\/li>\n\n\n\n<li>Pinterest: <a href=\"https:\/\/policy.pinterest.com\/es\/privacy-policy\">https:\/\/policy.pinterest.com\/es\/privacy-policy<\/a><\/li>\n\n\n\n<li>LinkedIn: <a href=\"https:\/\/www.linkedin.com\/legal\/cookie-policy?trk=hp-cookies\">https:\/\/www.linkedin.com\/legal\/cookie-policy?trk=hp-cookies<\/a><\/li>\n<\/ul>\n\n\n\n<h4 class=\"wp-block-heading\"><strong>Disabling, rejecting and deleting cookies<\/strong><\/h4>\n\n\n\n<p>El Usuario puede deshabilitar, rechazar y eliminar las cookies \u2014total o parcialmente\u2014 instaladas en su dispositivo mediante la configuraci\u00f3n de su navegador (entre los que se encuentran, por ejemplo, Chrome, Firefox, Safari, Explorer). En este sentido, los procedimientos para rechazar y eliminar las cookies pueden diferir de un navegador de Internet a otro. En consecuencia, el Usuario debe acudir a las instrucciones facilitadas por el propio navegador de Internet que est\u00e9 utilizando. En el supuesto de que rechace el uso de cookies \u2014total o parcialmente\u2014 podr\u00e1 seguir usando el Sitio Web, si bien podr\u00e1 tener limitada la utilizaci\u00f3n de algunas de las prestaciones del mismo.<\/p>\n\n\n\n<p><\/p>\n\t\t\t\t\t\t\t\t<\/div>\n\t\t\t\t\t<\/div>\n\t\t\t\t<\/div>\n\t\t\t\t<\/div>","protected":false},"excerpt":{"rendered":"<p>El acceso a este Sitio Web puede implicar la utilizaci\u00f3n de cookies. Las cookies son peque\u00f1as cantidades de informaci\u00f3n que [&hellip;]<\/p>\n","protected":false},"author":1,"featured_media":0,"parent":0,"menu_order":0,"comment_status":"closed","ping_status":"closed","template":"","meta":{"site-sidebar-layout":"default","site-content-layout":"","ast-site-content-layout":"","site-content-style":"default","site-sidebar-style":"default","ast-global-header-display":"","ast-banner-title-visibility":"","ast-main-header-display":"","ast-hfb-above-header-display":"","ast-hfb-below-header-display":"","ast-hfb-mobile-header-display":"","site-post-title":"disabled","ast-breadcrumbs-content":"","ast-featured-img":"","footer-sml-layout":"","ast-disable-related-posts":"","theme-transparent-header-meta":"","adv-header-id-meta":"","stick-header-meta":"","header-above-stick-meta":"","header-main-stick-meta":"","header-below-stick-meta":"","astra-migrate-meta-layouts":"default","ast-page-background-enabled":"default","ast-page-background-meta":{"desktop":{"background-color":"var(--ast-global-color-5)","background-image":"","background-repeat":"repeat","background-position":"center center","background-size":"auto","background-attachment":"scroll","background-type":"","background-media":"","overlay-type":"","overlay-color":"","overlay-opacity":"","overlay-gradient":""},"tablet":{"background-color":"","background-image":"","background-repeat":"repeat","background-position":"center center","background-size":"auto","background-attachment":"scroll","background-type":"","background-media":"","overlay-type":"","overlay-color":"","overlay-opacity":"","overlay-gradient":""},"mobile":{"background-color":"","background-image":"","background-repeat":"repeat","background-position":"center center","background-size":"auto","background-attachment":"scroll","background-type":"","background-media":"","overlay-type":"","overlay-color":"","overlay-opacity":"","overlay-gradient":""}},"ast-content-background-meta":{"desktop":{"background-color":"var(--ast-global-color-4)","background-image":"","background-repeat":"repeat","background-position":"center center","background-size":"auto","background-attachment":"scroll","background-type":"","background-media":"","overlay-type":"","overlay-color":"","overlay-opacity":"","overlay-gradient":""},"tablet":{"background-color":"var(--ast-global-color-4)","background-image":"","background-repeat":"repeat","background-position":"center center","background-size":"auto","background-attachment":"scroll","background-type":"","background-media":"","overlay-type":"","overlay-color":"","overlay-opacity":"","overlay-gradient":""},"mobile":{"background-color":"var(--ast-global-color-4)","background-image":"","background-repeat":"repeat","background-position":"center center","background-size":"auto","background-attachment":"scroll","background-type":"","background-media":"","overlay-type":"","overlay-color":"","overlay-opacity":"","overlay-gradient":""}},"footnotes":""},"class_list":["post-41","page","type-page","status-publish","hentry"],"yoast_head":"<!-- This site is optimized with the Yoast SEO plugin v27.3 - https:\/\/yoast.com\/product\/yoast-seo-wordpress\/ -->\n<title>Pol\u00edtica y legalidad de cookies - Interpretaciones Sandra<\/title>\n<meta name=\"description\" content=\"Consulta nuestra pol\u00edtica y legalidad de cookies y descubre c\u00f3mo protegemos tus datos.\" \/>\n<meta name=\"robots\" content=\"index, follow, max-snippet:-1, max-image-preview:large, max-video-preview:-1\" \/>\n<link rel=\"canonical\" href=\"https:\/\/interpretacionesandra.com\/en_gb\/politica-y-legalidad-de-cookies\/\" \/>\n<meta property=\"og:locale\" content=\"en_GB\" \/>\n<meta property=\"og:type\" content=\"article\" \/>\n<meta property=\"og:title\" content=\"Pol\u00edtica y legalidad de cookies - Interpretaciones Sandra\" \/>\n<meta property=\"og:description\" content=\"Consulta nuestra pol\u00edtica y legalidad de cookies y descubre c\u00f3mo protegemos tus datos.\" \/>\n<meta property=\"og:url\" content=\"https:\/\/interpretacionesandra.com\/en_gb\/politica-y-legalidad-de-cookies\/\" \/>\n<meta property=\"og:site_name\" content=\"Interpretaciones Sandra\" \/>\n<meta property=\"article:modified_time\" content=\"2025-03-31T10:19:19+00:00\" \/>\n<meta name=\"twitter:card\" content=\"summary_large_image\" \/>\n<meta name=\"twitter:label1\" content=\"Estimated reading time\" \/>\n\t<meta name=\"twitter:data1\" content=\"3 minutes\" \/>\n<script type=\"application\/ld+json\" class=\"yoast-schema-graph\">{\"@context\":\"https:\\\/\\\/schema.org\",\"@graph\":[{\"@type\":\"WebPage\",\"@id\":\"https:\\\/\\\/interpretacionesandra.com\\\/politica-y-legalidad-de-cookies\\\/\",\"url\":\"https:\\\/\\\/interpretacionesandra.com\\\/politica-y-legalidad-de-cookies\\\/\",\"name\":\"Pol\u00edtica y legalidad de cookies - Interpretaciones Sandra\",\"isPartOf\":{\"@id\":\"https:\\\/\\\/interpretacionesandra.com\\\/#website\"},\"datePublished\":\"2025-03-17T09:17:30+00:00\",\"dateModified\":\"2025-03-31T10:19:19+00:00\",\"description\":\"Consulta nuestra pol\u00edtica y legalidad de cookies y descubre c\u00f3mo protegemos tus datos.\",\"breadcrumb\":{\"@id\":\"https:\\\/\\\/interpretacionesandra.com\\\/politica-y-legalidad-de-cookies\\\/#breadcrumb\"},\"inLanguage\":\"en-GB\",\"potentialAction\":[{\"@type\":\"ReadAction\",\"target\":[\"https:\\\/\\\/interpretacionesandra.com\\\/politica-y-legalidad-de-cookies\\\/\"]}]},{\"@type\":\"BreadcrumbList\",\"@id\":\"https:\\\/\\\/interpretacionesandra.com\\\/politica-y-legalidad-de-cookies\\\/#breadcrumb\",\"itemListElement\":[{\"@type\":\"ListItem\",\"position\":1,\"name\":\"Portada\",\"item\":\"https:\\\/\\\/interpretacionesandra.com\\\/\"},{\"@type\":\"ListItem\",\"position\":2,\"name\":\"Pol\u00edtica y legalidad de cookies\"}]},{\"@type\":\"WebSite\",\"@id\":\"https:\\\/\\\/interpretacionesandra.com\\\/#website\",\"url\":\"https:\\\/\\\/interpretacionesandra.com\\\/\",\"name\":\"Interpretaciones Sandra\",\"description\":\"\",\"publisher\":{\"@id\":\"https:\\\/\\\/interpretacionesandra.com\\\/#\\\/schema\\\/person\\\/bd92100b49ac4015eb6755d73dbfa095\"},\"potentialAction\":[{\"@type\":\"SearchAction\",\"target\":{\"@type\":\"EntryPoint\",\"urlTemplate\":\"https:\\\/\\\/interpretacionesandra.com\\\/?s={search_term_string}\"},\"query-input\":{\"@type\":\"PropertyValueSpecification\",\"valueRequired\":true,\"valueName\":\"search_term_string\"}}],\"inLanguage\":\"en-GB\"},{\"@type\":[\"Person\",\"Organization\"],\"@id\":\"https:\\\/\\\/interpretacionesandra.com\\\/#\\\/schema\\\/person\\\/bd92100b49ac4015eb6755d73dbfa095\",\"name\":\"admin\",\"image\":{\"@type\":\"ImageObject\",\"inLanguage\":\"en-GB\",\"@id\":\"https:\\\/\\\/interpretacionesandra.com\\\/wp-content\\\/uploads\\\/2025\\\/03\\\/cropped-cropped-El_texto_del_parrafo__30_-removebg-preview-1.png\",\"url\":\"https:\\\/\\\/interpretacionesandra.com\\\/wp-content\\\/uploads\\\/2025\\\/03\\\/cropped-cropped-El_texto_del_parrafo__30_-removebg-preview-1.png\",\"contentUrl\":\"https:\\\/\\\/interpretacionesandra.com\\\/wp-content\\\/uploads\\\/2025\\\/03\\\/cropped-cropped-El_texto_del_parrafo__30_-removebg-preview-1.png\",\"width\":471,\"height\":375,\"caption\":\"admin\"},\"logo\":{\"@id\":\"https:\\\/\\\/interpretacionesandra.com\\\/wp-content\\\/uploads\\\/2025\\\/03\\\/cropped-cropped-El_texto_del_parrafo__30_-removebg-preview-1.png\"},\"sameAs\":[\"https:\\\/\\\/interpretacionesandra.com\",\"@interpretaciones_sandra\",\"https:\\\/\\\/www.linkedin.com\\\/in\\\/sandradiazcabral\\\/\"]}]}<\/script>\n<!-- \/ Yoast SEO plugin. -->","yoast_head_json":{"title":"Pol\u00edtica y legalidad de cookies - Interpretaciones Sandra","description":"Consulta nuestra pol\u00edtica y legalidad de cookies y descubre c\u00f3mo protegemos tus datos.","robots":{"index":"index","follow":"follow","max-snippet":"max-snippet:-1","max-image-preview":"max-image-preview:large","max-video-preview":"max-video-preview:-1"},"canonical":"https:\/\/interpretacionesandra.com\/en_gb\/politica-y-legalidad-de-cookies\/","og_locale":"en_GB","og_type":"article","og_title":"Pol\u00edtica y legalidad de cookies - Interpretaciones Sandra","og_description":"Consulta nuestra pol\u00edtica y legalidad de cookies y descubre c\u00f3mo protegemos tus datos.","og_url":"https:\/\/interpretacionesandra.com\/en_gb\/politica-y-legalidad-de-cookies\/","og_site_name":"Interpretaciones Sandra","article_modified_time":"2025-03-31T10:19:19+00:00","twitter_card":"summary_large_image","twitter_misc":{"Estimated reading time":"3 minutes"},"schema":{"@context":"https:\/\/schema.org","@graph":[{"@type":"WebPage","@id":"https:\/\/interpretacionesandra.com\/politica-y-legalidad-de-cookies\/","url":"https:\/\/interpretacionesandra.com\/politica-y-legalidad-de-cookies\/","name":"Pol\u00edtica y legalidad de cookies - Interpretaciones Sandra","isPartOf":{"@id":"https:\/\/interpretacionesandra.com\/#website"},"datePublished":"2025-03-17T09:17:30+00:00","dateModified":"2025-03-31T10:19:19+00:00","description":"Consulta nuestra pol\u00edtica y legalidad de cookies y descubre c\u00f3mo protegemos tus datos.","breadcrumb":{"@id":"https:\/\/interpretacionesandra.com\/politica-y-legalidad-de-cookies\/#breadcrumb"},"inLanguage":"en-GB","potentialAction":[{"@type":"ReadAction","target":["https:\/\/interpretacionesandra.com\/politica-y-legalidad-de-cookies\/"]}]},{"@type":"BreadcrumbList","@id":"https:\/\/interpretacionesandra.com\/politica-y-legalidad-de-cookies\/#breadcrumb","itemListElement":[{"@type":"ListItem","position":1,"name":"Portada","item":"https:\/\/interpretacionesandra.com\/"},{"@type":"ListItem","position":2,"name":"Pol\u00edtica y legalidad de cookies"}]},{"@type":"WebSite","@id":"https:\/\/interpretacionesandra.com\/#website","url":"https:\/\/interpretacionesandra.com\/","name":"Interpretaciones Sandra","description":"","publisher":{"@id":"https:\/\/interpretacionesandra.com\/#\/schema\/person\/bd92100b49ac4015eb6755d73dbfa095"},"potentialAction":[{"@type":"SearchAction","target":{"@type":"EntryPoint","urlTemplate":"https:\/\/interpretacionesandra.com\/?s={search_term_string}"},"query-input":{"@type":"PropertyValueSpecification","valueRequired":true,"valueName":"search_term_string"}}],"inLanguage":"en-GB"},{"@type":["Person","Organization"],"@id":"https:\/\/interpretacionesandra.com\/#\/schema\/person\/bd92100b49ac4015eb6755d73dbfa095","name":"admin","image":{"@type":"ImageObject","inLanguage":"en-GB","@id":"https:\/\/interpretacionesandra.com\/wp-content\/uploads\/2025\/03\/cropped-cropped-El_texto_del_parrafo__30_-removebg-preview-1.png","url":"https:\/\/interpretacionesandra.com\/wp-content\/uploads\/2025\/03\/cropped-cropped-El_texto_del_parrafo__30_-removebg-preview-1.png","contentUrl":"https:\/\/interpretacionesandra.com\/wp-content\/uploads\/2025\/03\/cropped-cropped-El_texto_del_parrafo__30_-removebg-preview-1.png","width":471,"height":375,"caption":"admin"},"logo":{"@id":"https:\/\/interpretacionesandra.com\/wp-content\/uploads\/2025\/03\/cropped-cropped-El_texto_del_parrafo__30_-removebg-preview-1.png"},"sameAs":["https:\/\/interpretacionesandra.com","@interpretaciones_sandra","https:\/\/www.linkedin.com\/in\/sandradiazcabral\/"]}]}},"_links":{"self":[{"href":"https:\/\/interpretacionesandra.com\/en_gb\/wp-json\/wp\/v2\/pages\/41","targetHints":{"allow":["GET"]}}],"collection":[{"href":"https:\/\/interpretacionesandra.com\/en_gb\/wp-json\/wp\/v2\/pages"}],"about":[{"href":"https:\/\/interpretacionesandra.com\/en_gb\/wp-json\/wp\/v2\/types\/page"}],"author":[{"embeddable":true,"href":"https:\/\/interpretacionesandra.com\/en_gb\/wp-json\/wp\/v2\/users\/1"}],"replies":[{"embeddable":true,"href":"https:\/\/interpretacionesandra.com\/en_gb\/wp-json\/wp\/v2\/comments?post=41"}],"version-history":[{"count":0,"href":"https:\/\/interpretacionesandra.com\/en_gb\/wp-json\/wp\/v2\/pages\/41\/revisions"}],"wp:attachment":[{"href":"https:\/\/interpretacionesandra.com\/en_gb\/wp-json\/wp\/v2\/media?parent=41"}],"curies":[{"name":"wp","href":"https:\/\/api.w.org\/{rel}","templated":true}]}}