{"id":46,"date":"2025-03-17T09:19:08","date_gmt":"2025-03-17T09:19:08","guid":{"rendered":"https:\/\/interpretacionesandra.com\/?page_id=46"},"modified":"2025-03-31T10:18:36","modified_gmt":"2025-03-31T10:18:36","slug":"condiciones-generales-de-uso","status":"publish","type":"page","link":"https:\/\/interpretacionesandra.com\/en_gb\/condiciones-generales-de-uso\/","title":{"rendered":"General conditions of use"},"content":{"rendered":"<div data-elementor-type=\"wp-page\" data-elementor-id=\"46\" class=\"elementor elementor-46\" data-elementor-post-type=\"page\">\n\t\t\t\t<div class=\"elementor-element elementor-element-5a81f756 e-flex e-con-boxed e-con e-parent\" data-id=\"5a81f756\" data-element_type=\"container\" data-e-type=\"container\">\n\t\t\t\t\t<div class=\"e-con-inner\">\n\t\t\t\t<div class=\"elementor-element elementor-element-17ddd8aa elementor-widget elementor-widget-text-editor\" data-id=\"17ddd8aa\" data-element_type=\"widget\" data-e-type=\"widget\" data-widget_type=\"text-editor.default\">\n\t\t\t\t\t\t\t\t\t\n<h3 class=\"wp-block-heading\"><strong>I. GENERAL INFORMATION<\/strong><\/h3>\n\n\n\n<p>In compliance with the obligation to provide information as stipulated in Law 34\/2002 on Information Society Services and Electronic Commerce (LSSI-CE) of 11 July, the following general information on this website is provided below:<\/p>\n\n\n\n<p>The ownership of this website, https:\/\/interpretacionesandra.com\/, (hereinafter, Website) is held by: Sandra D\u00edaz Cabral, with NIF: 71482752V, and whose contact details are: Sandra D\u00edaz Cabral, with NIF: 71482752V, and whose contact details are: Sandra D\u00edaz Cabral, with NIF: 71482752V, and whose contact details are:<\/p>\n\n\n\n<p>Address: Calle Godella, 173. 3\u00baA, 28021 (Madrid)<\/p>\n\n\n\n<p>Contact phone number: +34 613 324 557<\/p>\n\n\n\n<p>E-mail: interpretacionesandr@gmail.com<\/p>\n\n\n\n<h3 class=\"wp-block-heading\"><strong>II. GENERAL TERMS AND CONDITIONS OF USE<\/strong><\/h3>\n\n\n\n<h4 class=\"wp-block-heading\"><strong>The subject matter of the terms and conditions: The Website<\/strong><\/h4>\n\n\n\n<p>The purpose of these General Conditions of Use (hereinafter, Conditions) is to regulate access to and use of the Website. For the purposes of these Terms and Conditions, the Website shall be understood to mean: the external appearance of the screen interfaces, both static and dynamic, i.e. the navigation tree; and all the elements integrated both in the screen interfaces and in the navigation tree (hereinafter, Content) and all those online services or resources that may be offered to Users (hereinafter, Services).<\/p>\n\n\n\n<p>Interpretaciones Sandra reserves the right to modify, at any time and without notice, the presentation and configuration of the Website and the Content and Services that may be incorporated therein. The User acknowledges and accepts that at any time Interpretaciones Sandra may interrupt, deactivate and\/or cancel any of these elements that are integrated into the Website or access to them.<\/p>\n\n\n\n<p>Access to the Website by the User is free and, as a general rule, is free of charge, without the User having to provide any consideration in order to enjoy it, except for the cost of connection through the telecommunications network supplied by the access provider contracted by the User.<\/p>\n\n\n\n<p>The use of the Content does not require any prior subscription or registration.<\/p>\n\n\n\n<h4 class=\"wp-block-heading\"><strong>The User<\/strong><\/h4>\n\n\n\n<p>Access, browsing and use of the Website, as well as the spaces provided for interaction between Users, and the User and Interpretaciones Sandra, such as comments and \/ or blogging spaces, confers the status of User, so it is accepted, from the time you start browsing the Website, all the Conditions set forth herein, as well as subsequent amendments, without prejudice to the application of the relevant legal regulations of mandatory compliance as appropriate. Given the relevance of the above, the User is recommended to read them every time he\/she visits the Website.<\/p>\n\n\n\n<p>El Sitio Web de Interpretaciones Sandra proporciona gran diversidad de informaci\u00f3n, servicios y datos. El Usuario asume su responsabilidad para realizar un uso correcto del Sitio Web. Esta responsabilidad se extender\u00e1 a:<\/p>\n\n\n\n<ul class=\"wp-block-list\">\n<li>A use of the information, content and \/ or services and data offered by Interpretaciones Sandra without being contrary to the provisions of these Conditions, the law, morality or public order, or otherwise may involve injury to the rights of third parties or the operation of the Website.<\/li>\n\n\n\n<li>The accuracy and legality of the information provided by the User in the forms provided by Interpretaciones Sandra for access to certain content or services offered by the Website. In any case, the User shall immediately notify Interpretaciones Sandra about any event that allows the misuse of the information recorded on these forms, such as, but not limited to, the theft, loss, or unauthorized access to identifiers and \/ or passwords, in order to proceed to its immediate cancellation.<\/li>\n<\/ul>\n\n\n\n<p>Interpretaciones Sandra reserves the right to remove all comments and contributions that violate the law, respect for the dignity of the person, that are discriminatory, xenophobic, racist, pornographic, spamming, that threaten youth or childhood, order or public safety or that, in his opinion, were not suitable for publication.<\/p>\n\n\n\n<p>In any case, Interpretaciones Sandra shall not be responsible for the opinions expressed by users through comments or other blogging or participation tools that may be available.<\/p>\n\n\n\n<p>Mere access to this Website does not imply any type of commercial relationship between Interpretaciones Sandra and the User.<\/p>\n\n\n\n<p>In compliance with the legislation in force, this Interpretaciones Sandra website is intended for all persons, regardless of their age, who may access and\/or browse the pages of the website.<\/p>\n\n\n\n<h3 class=\"wp-block-heading\"><strong>III. ACCESS AND NAVIGATION ON THE WEBSITE: EXCLUSION OF WARRANTIES AND LIABILITY<\/strong><\/h3>\n\n\n\n<p>Interpretaciones Sandra no garantiza la continuidad, disponibilidad y utilidad del Sitio Web, ni de los Contenidos o Servicios. Interpretaciones Sandra har\u00e1 todo lo posible por el buen funcionamiento del Sitio Web, sin embargo, no se responsabiliza ni garantiza que el acceso a este Sitio Web no vaya a ser ininterrumpido o que est\u00e9 libre de error.<\/p>\n\n\n\n<p>Nor is responsible or guarantee that the content or software that can be accessed through this Website, is free of error or cause damage to the computer system (software and hardware) of the User. In no event shall Interpretaciones Sandra be liable for any loss or damage of any kind arising from access, navigation and use of the Website, including, but not limited to, those caused to computer systems or those caused by the introduction of viruses.<\/p>\n\n\n\n<p>Interpretaciones Sandra is not responsible for any damage that may be caused to users by improper use of this Website. In particular, it shall not be liable in any way for any telecommunications failures, interruptions, faults or defects that may occur.<\/p>\n\n\n\n<h3 class=\"wp-block-heading\"><strong>IV. LINKING POLICY<\/strong><\/h3>\n\n\n\n<p>It is reported that the Interpretaciones Sandra Website makes or may make available to Users means of link (such as, among others, links, banners, buttons), directories and search engines that allow Users to access websites belonging to and\/or managed by third parties.<\/p>\n\n\n\n<p>The installation of these links, directories and search engines on the Website is intended to make it easier for Users to search for and access information available on the Internet, and may not be considered a suggestion, recommendation or invitation to visit them.<\/p>\n\n\n\n<p>Interpretaciones Sandra does not itself or through any third party offer or market the products and\/or services available on such linked sites.<\/p>\n\n\n\n<p>Nor does it guarantee the technical availability, accuracy, veracity, validity or legality of sites outside its property that can be accessed through the links.<\/p>\n\n\n\n<p>Interpretaciones Sandra does not under any circumstances review or control the content of other websites, nor does it approve, examine or endorse the products and services, content, files and any other material on those linked sites.<\/p>\n\n\n\n<p>Interpretaciones Sandra assumes no liability for any damages that may arise from access, use, quality or legality of the content, communications, opinions, products and services of websites not managed by Interpretaciones Sandra and which are linked to this Website.<\/p>\n\n\n\n<p>The User or third party who makes a hyperlink from a web page of another, different, website to the Interpretaciones Sandra Website must be aware that:<\/p>\n\n\n\n<p>The reproduction - in whole or in part - of any of the Contents and\/or Services of the Website is not permitted without the express authorisation of Interpretaciones Sandra.<\/p>\n\n\n\n<p>No se permite tampoco ninguna manifestaci\u00f3n falsa, inexacta o incorrecta sobre el Sitio Web de Interpretaciones Sandra, ni sobre los Contenidos y\/o Servicios del mismo.<\/p>\n\n\n\n<p>A excepci\u00f3n del hiperv\u00ednculo, el sitio web en el que se establezca dicho hiperenlace no contendr\u00e1 ning\u00fan elemento, de este Sitio Web, protegido como propiedad intelectual por el ordenamiento jur\u00eddico espa\u00f1ol, salvo autorizaci\u00f3n expresa de Interpretaciones Sandra.<\/p>\n\n\n\n<p>The establishment of the hyperlink does not imply the existence of relations between Interpretaciones Sandra and the owner of the website from which it is made, nor the knowledge and acceptance of Interpretaciones Sandra of the contents, services and \/ or activities offered on that website, and vice versa.<\/p>\n\n\n\n<h3 class=\"wp-block-heading\"><strong>V. INTELLECTUAL AND INDUSTRIAL PROPERTY<\/strong><\/h3>\n\n\n\n<p>Interpretaciones Sandra itself or as assignee, is the owner of all intellectual and industrial property rights of the Website, as well as of the elements contained therein (including but not limited to images, sound, audio, video, software or texts, trademarks or logos, colour combinations, structure and design, selection of materials used, computer programs necessary for its operation, access and use, etc.). They are, therefore, works protected as intellectual property by the Spanish legal system, being applicable to them both the Spanish and Community regulations in this field, as well as the international treaties relating to the matter and signed by Spain.<\/p>\n\n\n\n<p>All rights reserved. Pursuant to the provisions of the Intellectual Property Law, the reproduction, distribution and public communication, including making available, of all or part of the contents of this website, for commercial purposes, in any medium and by any technical means, without the authorisation of Interpretaciones Sandra, are expressly prohibited without the authorisation of Interpretaciones Sandra.<\/p>\n\n\n\n<p>The User undertakes to respect the intellectual and industrial property rights of Interpretaciones Sandra. You can view the elements of the Website or even print, copy and store them on the hard drive of your computer or any other hardware provided it is solely for personal use. The User, however, may not remove, alter or manipulate any protection device or security system that was installed on the Website.<\/p>\n\n\n\n<p>In the event that the User or third party considers that any of the Contents of the Website involves a violation of the rights of protection of intellectual property, you must immediately notify Interpretaciones Sandra through the contact details in the GENERAL INFORMATION section of this Legal Notice and General Conditions of Use.<\/p>\n\n\n\n<h3 class=\"wp-block-heading\"><strong>VI. LEGAL ACTIONS, APPLICABLE LAW AND JURISDICTION<\/strong><\/h3>\n\n\n\n<p>Interpretaciones Sandra reserves the right to bring any civil or criminal action it deems necessary for improper use of the Website and Content, or for breach of these Conditions.<\/p>\n\n\n\n<p>La relaci\u00f3n entre el Usuario y Interpretaciones Sandra se regir\u00e1 por la normativa vigente y de aplicaci\u00f3n en el territorio espa\u00f1ol. De surgir cualquier controversia en relaci\u00f3n con la interpretaci\u00f3n y\/o a la aplicaci\u00f3n de estas Condiciones las partes someter\u00e1n sus conflictos a la jurisdicci\u00f3n ordinaria someti\u00e9ndose a los jueces y tribunales que correspondan conforme a derecho.<\/p>\n\t\t\t\t\t\t\t\t<\/div>\n\t\t\t\t\t<\/div>\n\t\t\t\t<\/div>\n\t\t\t\t<\/div>","protected":false},"excerpt":{"rendered":"<p>I. INFORMACI\u00d3N GENERAL En cumplimiento con el deber de informaci\u00f3n dispuesto en la Ley 34\/2002 de Servicios de la Sociedad [&hellip;]<\/p>\n","protected":false},"author":1,"featured_media":0,"parent":0,"menu_order":0,"comment_status":"closed","ping_status":"closed","template":"","meta":{"site-sidebar-layout":"default","site-content-layout":"","ast-site-content-layout":"","site-content-style":"default","site-sidebar-style":"default","ast-global-header-display":"","ast-banner-title-visibility":"","ast-main-header-display":"","ast-hfb-above-header-display":"","ast-hfb-below-header-display":"","ast-hfb-mobile-header-display":"","site-post-title":"disabled","ast-breadcrumbs-content":"","ast-featured-img":"","footer-sml-layout":"","ast-disable-related-posts":"","theme-transparent-header-meta":"","adv-header-id-meta":"","stick-header-meta":"","header-above-stick-meta":"","header-main-stick-meta":"","header-below-stick-meta":"","astra-migrate-meta-layouts":"default","ast-page-background-enabled":"default","ast-page-background-meta":{"desktop":{"background-color":"var(--ast-global-color-5)","background-image":"","background-repeat":"repeat","background-position":"center center","background-size":"auto","background-attachment":"scroll","background-type":"","background-media":"","overlay-type":"","overlay-color":"","overlay-opacity":"","overlay-gradient":""},"tablet":{"background-color":"","background-image":"","background-repeat":"repeat","background-position":"center center","background-size":"auto","background-attachment":"scroll","background-type":"","background-media":"","overlay-type":"","overlay-color":"","overlay-opacity":"","overlay-gradient":""},"mobile":{"background-color":"","background-image":"","background-repeat":"repeat","background-position":"center center","background-size":"auto","background-attachment":"scroll","background-type":"","background-media":"","overlay-type":"","overlay-color":"","overlay-opacity":"","overlay-gradient":""}},"ast-content-background-meta":{"desktop":{"background-color":"var(--ast-global-color-4)","background-image":"","background-repeat":"repeat","background-position":"center center","background-size":"auto","background-attachment":"scroll","background-type":"","background-media":"","overlay-type":"","overlay-color":"","overlay-opacity":"","overlay-gradient":""},"tablet":{"background-color":"var(--ast-global-color-4)","background-image":"","background-repeat":"repeat","background-position":"center center","background-size":"auto","background-attachment":"scroll","background-type":"","background-media":"","overlay-type":"","overlay-color":"","overlay-opacity":"","overlay-gradient":""},"mobile":{"background-color":"var(--ast-global-color-4)","background-image":"","background-repeat":"repeat","background-position":"center center","background-size":"auto","background-attachment":"scroll","background-type":"","background-media":"","overlay-type":"","overlay-color":"","overlay-opacity":"","overlay-gradient":""}},"footnotes":""},"class_list":["post-46","page","type-page","status-publish","hentry"],"yoast_head":"<!-- This site is optimized with the Yoast SEO plugin v27.3 - https:\/\/yoast.com\/product\/yoast-seo-wordpress\/ -->\n<title>Condiciones generales de uso - Interpretaciones Sandra<\/title>\n<meta name=\"description\" content=\"Consulta nuestra pol\u00edtica de condiciones generales de uso y descubre c\u00f3mo protegemos tus datos.\" \/>\n<meta name=\"robots\" content=\"index, follow, max-snippet:-1, max-image-preview:large, max-video-preview:-1\" \/>\n<link rel=\"canonical\" href=\"https:\/\/interpretacionesandra.com\/en_gb\/condiciones-generales-de-uso\/\" \/>\n<meta property=\"og:locale\" content=\"en_GB\" \/>\n<meta property=\"og:type\" content=\"article\" \/>\n<meta property=\"og:title\" content=\"Condiciones generales de uso - Interpretaciones Sandra\" \/>\n<meta property=\"og:description\" content=\"Consulta nuestra pol\u00edtica de condiciones generales de uso y descubre c\u00f3mo protegemos tus datos.\" \/>\n<meta property=\"og:url\" content=\"https:\/\/interpretacionesandra.com\/en_gb\/condiciones-generales-de-uso\/\" \/>\n<meta property=\"og:site_name\" content=\"Interpretaciones Sandra\" \/>\n<meta property=\"article:modified_time\" content=\"2025-03-31T10:18:36+00:00\" \/>\n<meta name=\"twitter:card\" content=\"summary_large_image\" \/>\n<meta name=\"twitter:label1\" content=\"Estimated reading time\" \/>\n\t<meta name=\"twitter:data1\" content=\"8 minutes\" \/>\n<script type=\"application\/ld+json\" class=\"yoast-schema-graph\">{\"@context\":\"https:\\\/\\\/schema.org\",\"@graph\":[{\"@type\":\"WebPage\",\"@id\":\"https:\\\/\\\/interpretacionesandra.com\\\/condiciones-generales-de-uso\\\/\",\"url\":\"https:\\\/\\\/interpretacionesandra.com\\\/condiciones-generales-de-uso\\\/\",\"name\":\"Condiciones generales de uso - Interpretaciones Sandra\",\"isPartOf\":{\"@id\":\"https:\\\/\\\/interpretacionesandra.com\\\/#website\"},\"datePublished\":\"2025-03-17T09:19:08+00:00\",\"dateModified\":\"2025-03-31T10:18:36+00:00\",\"description\":\"Consulta nuestra pol\u00edtica de condiciones generales de uso y descubre c\u00f3mo protegemos tus datos.\",\"breadcrumb\":{\"@id\":\"https:\\\/\\\/interpretacionesandra.com\\\/condiciones-generales-de-uso\\\/#breadcrumb\"},\"inLanguage\":\"en-GB\",\"potentialAction\":[{\"@type\":\"ReadAction\",\"target\":[\"https:\\\/\\\/interpretacionesandra.com\\\/condiciones-generales-de-uso\\\/\"]}]},{\"@type\":\"BreadcrumbList\",\"@id\":\"https:\\\/\\\/interpretacionesandra.com\\\/condiciones-generales-de-uso\\\/#breadcrumb\",\"itemListElement\":[{\"@type\":\"ListItem\",\"position\":1,\"name\":\"Portada\",\"item\":\"https:\\\/\\\/interpretacionesandra.com\\\/\"},{\"@type\":\"ListItem\",\"position\":2,\"name\":\"Condiciones generales de uso\"}]},{\"@type\":\"WebSite\",\"@id\":\"https:\\\/\\\/interpretacionesandra.com\\\/#website\",\"url\":\"https:\\\/\\\/interpretacionesandra.com\\\/\",\"name\":\"Interpretaciones Sandra\",\"description\":\"\",\"publisher\":{\"@id\":\"https:\\\/\\\/interpretacionesandra.com\\\/#\\\/schema\\\/person\\\/bd92100b49ac4015eb6755d73dbfa095\"},\"potentialAction\":[{\"@type\":\"SearchAction\",\"target\":{\"@type\":\"EntryPoint\",\"urlTemplate\":\"https:\\\/\\\/interpretacionesandra.com\\\/?s={search_term_string}\"},\"query-input\":{\"@type\":\"PropertyValueSpecification\",\"valueRequired\":true,\"valueName\":\"search_term_string\"}}],\"inLanguage\":\"en-GB\"},{\"@type\":[\"Person\",\"Organization\"],\"@id\":\"https:\\\/\\\/interpretacionesandra.com\\\/#\\\/schema\\\/person\\\/bd92100b49ac4015eb6755d73dbfa095\",\"name\":\"admin\",\"image\":{\"@type\":\"ImageObject\",\"inLanguage\":\"en-GB\",\"@id\":\"https:\\\/\\\/interpretacionesandra.com\\\/wp-content\\\/uploads\\\/2025\\\/03\\\/cropped-cropped-El_texto_del_parrafo__30_-removebg-preview-1.png\",\"url\":\"https:\\\/\\\/interpretacionesandra.com\\\/wp-content\\\/uploads\\\/2025\\\/03\\\/cropped-cropped-El_texto_del_parrafo__30_-removebg-preview-1.png\",\"contentUrl\":\"https:\\\/\\\/interpretacionesandra.com\\\/wp-content\\\/uploads\\\/2025\\\/03\\\/cropped-cropped-El_texto_del_parrafo__30_-removebg-preview-1.png\",\"width\":471,\"height\":375,\"caption\":\"admin\"},\"logo\":{\"@id\":\"https:\\\/\\\/interpretacionesandra.com\\\/wp-content\\\/uploads\\\/2025\\\/03\\\/cropped-cropped-El_texto_del_parrafo__30_-removebg-preview-1.png\"},\"sameAs\":[\"https:\\\/\\\/interpretacionesandra.com\",\"@interpretaciones_sandra\",\"https:\\\/\\\/www.linkedin.com\\\/in\\\/sandradiazcabral\\\/\"]}]}<\/script>\n<!-- \/ Yoast SEO plugin. -->","yoast_head_json":{"title":"Condiciones generales de uso - Interpretaciones Sandra","description":"Consulta nuestra pol\u00edtica de condiciones generales de uso y descubre c\u00f3mo protegemos tus datos.","robots":{"index":"index","follow":"follow","max-snippet":"max-snippet:-1","max-image-preview":"max-image-preview:large","max-video-preview":"max-video-preview:-1"},"canonical":"https:\/\/interpretacionesandra.com\/en_gb\/condiciones-generales-de-uso\/","og_locale":"en_GB","og_type":"article","og_title":"Condiciones generales de uso - Interpretaciones Sandra","og_description":"Consulta nuestra pol\u00edtica de condiciones generales de uso y descubre c\u00f3mo protegemos tus datos.","og_url":"https:\/\/interpretacionesandra.com\/en_gb\/condiciones-generales-de-uso\/","og_site_name":"Interpretaciones Sandra","article_modified_time":"2025-03-31T10:18:36+00:00","twitter_card":"summary_large_image","twitter_misc":{"Estimated reading time":"8 minutes"},"schema":{"@context":"https:\/\/schema.org","@graph":[{"@type":"WebPage","@id":"https:\/\/interpretacionesandra.com\/condiciones-generales-de-uso\/","url":"https:\/\/interpretacionesandra.com\/condiciones-generales-de-uso\/","name":"Condiciones generales de uso - Interpretaciones Sandra","isPartOf":{"@id":"https:\/\/interpretacionesandra.com\/#website"},"datePublished":"2025-03-17T09:19:08+00:00","dateModified":"2025-03-31T10:18:36+00:00","description":"Consulta nuestra pol\u00edtica de condiciones generales de uso y descubre c\u00f3mo protegemos tus datos.","breadcrumb":{"@id":"https:\/\/interpretacionesandra.com\/condiciones-generales-de-uso\/#breadcrumb"},"inLanguage":"en-GB","potentialAction":[{"@type":"ReadAction","target":["https:\/\/interpretacionesandra.com\/condiciones-generales-de-uso\/"]}]},{"@type":"BreadcrumbList","@id":"https:\/\/interpretacionesandra.com\/condiciones-generales-de-uso\/#breadcrumb","itemListElement":[{"@type":"ListItem","position":1,"name":"Portada","item":"https:\/\/interpretacionesandra.com\/"},{"@type":"ListItem","position":2,"name":"Condiciones generales de uso"}]},{"@type":"WebSite","@id":"https:\/\/interpretacionesandra.com\/#website","url":"https:\/\/interpretacionesandra.com\/","name":"Interpretaciones Sandra","description":"","publisher":{"@id":"https:\/\/interpretacionesandra.com\/#\/schema\/person\/bd92100b49ac4015eb6755d73dbfa095"},"potentialAction":[{"@type":"SearchAction","target":{"@type":"EntryPoint","urlTemplate":"https:\/\/interpretacionesandra.com\/?s={search_term_string}"},"query-input":{"@type":"PropertyValueSpecification","valueRequired":true,"valueName":"search_term_string"}}],"inLanguage":"en-GB"},{"@type":["Person","Organization"],"@id":"https:\/\/interpretacionesandra.com\/#\/schema\/person\/bd92100b49ac4015eb6755d73dbfa095","name":"admin","image":{"@type":"ImageObject","inLanguage":"en-GB","@id":"https:\/\/interpretacionesandra.com\/wp-content\/uploads\/2025\/03\/cropped-cropped-El_texto_del_parrafo__30_-removebg-preview-1.png","url":"https:\/\/interpretacionesandra.com\/wp-content\/uploads\/2025\/03\/cropped-cropped-El_texto_del_parrafo__30_-removebg-preview-1.png","contentUrl":"https:\/\/interpretacionesandra.com\/wp-content\/uploads\/2025\/03\/cropped-cropped-El_texto_del_parrafo__30_-removebg-preview-1.png","width":471,"height":375,"caption":"admin"},"logo":{"@id":"https:\/\/interpretacionesandra.com\/wp-content\/uploads\/2025\/03\/cropped-cropped-El_texto_del_parrafo__30_-removebg-preview-1.png"},"sameAs":["https:\/\/interpretacionesandra.com","@interpretaciones_sandra","https:\/\/www.linkedin.com\/in\/sandradiazcabral\/"]}]}},"_links":{"self":[{"href":"https:\/\/interpretacionesandra.com\/en_gb\/wp-json\/wp\/v2\/pages\/46","targetHints":{"allow":["GET"]}}],"collection":[{"href":"https:\/\/interpretacionesandra.com\/en_gb\/wp-json\/wp\/v2\/pages"}],"about":[{"href":"https:\/\/interpretacionesandra.com\/en_gb\/wp-json\/wp\/v2\/types\/page"}],"author":[{"embeddable":true,"href":"https:\/\/interpretacionesandra.com\/en_gb\/wp-json\/wp\/v2\/users\/1"}],"replies":[{"embeddable":true,"href":"https:\/\/interpretacionesandra.com\/en_gb\/wp-json\/wp\/v2\/comments?post=46"}],"version-history":[{"count":0,"href":"https:\/\/interpretacionesandra.com\/en_gb\/wp-json\/wp\/v2\/pages\/46\/revisions"}],"wp:attachment":[{"href":"https:\/\/interpretacionesandra.com\/en_gb\/wp-json\/wp\/v2\/media?parent=46"}],"curies":[{"name":"wp","href":"https:\/\/api.w.org\/{rel}","templated":true}]}}